{"id":2049,"date":"2026-01-13T17:36:25","date_gmt":"2026-01-13T17:36:25","guid":{"rendered":"https:\/\/www.delconference.org\/2026\/?page_id=2049"},"modified":"2026-03-30T15:06:00","modified_gmt":"2026-03-30T14:06:00","slug":"directrices-para-el-envio-de-propuestas-2026","status":"publish","type":"page","link":"https:\/\/www.delconference.org\/2026\/directrices-para-el-envio-de-propuestas-2026\/","title":{"rendered":"Directrices para el env\u00edo de propuestas"},"content":{"rendered":"\n<p><strong>Les recordamos que DEL 2026 se llevar\u00e1 a cabo completamente de forma presencial, del 11 al 13 de noviembre de 2026 en la Rep\u00fablica Dominicana.<br><br><\/strong>Invitamos propuestas para los formatos de ponencias, estudios de caso y paneles. Incentivamos especialmente las propuestas que fomenten el di\u00e1logo, la participaci\u00f3n y la colaboraci\u00f3n entre los participantes.<br><br>Adem\u00e1s, invitamos a presentar propuestas para Sesiones de Dise\u00f1o Libre (DYO). Esta es una oportunidad para abrir nuevos marcos y formatos de presentaci\u00f3n e interacci\u00f3n que permitan a la comunidad DEL participar en discusiones y colaboraciones sobre temas importantes.<br><br><strong>Apertura de la convocatoria<\/strong>: martes 27 de enero de 2026<\/p>\n\n\n\n<p><strong>Cierre de la convocatoria:\u00a0<\/strong><s>martes 31 de marzo<\/s> mi\u00e9rcoles 15 de abril de 2026 a las 23:59 (hora local, de donde quiera que se encuentre en el mundo)<\/p>\n\n\n\n<div class=\"wp-block-buttons is-layout-flex wp-block-buttons-is-layout-flex\">\n<div class=\"wp-block-button\"><a class=\"wp-block-button__link wp-element-button\" href=\"https:\/\/www.delconference.org\/2026\/enviar-solicitud-2026\/\">Enviar solicitud<\/a><\/div>\n<\/div>\n\n\n\n<hr class=\"wp-block-separator has-alpha-channel-opacity is-style-dots\"\/>\n\n\n\n<h2 class=\"wp-block-heading\"><strong>Ponencias acad\u00e9micas<\/strong><\/h2>\n\n\n\n<p><strong>Duraci\u00f3n<\/strong>: 30 minutos (normalmente 10 minutos para los puntos principales del ponente; 20 minutos para la interacci\u00f3n con el p\u00fablico)<br><br>En DEL, entendemos el t\u00e9rmino &#8220;acad\u00e9mico&#8221; en un sentido amplio, que abarca contextos e impactos diversos para la pr\u00e1ctica creativa, la pr\u00e1ctica docente y la investigaci\u00f3n. Una presentaci\u00f3n de ponencia suele incluir metodolog\u00edas de investigaci\u00f3n, marco te\u00f3rico, objetivos, resultados, implicaciones y\/o impactos.<\/p>\n\n\n\n<h2 class=\"wp-block-heading\"><strong>Estudio de caso<\/strong><\/h2>\n\n\n\n<p><strong>Duraci\u00f3n<\/strong>: 30 minutos (normalmente 10 minutos para los puntos principales del ponente; 20 minutos para la interacci\u00f3n con el p\u00fablico)<br><br>Entendemos que las sesiones de estudio de caso incluyen pr\u00e1ctica creativa, pr\u00e1ctica docente, trabajos y perspectivas de estudiantes, as\u00ed como investigaci\u00f3n sobre un contexto, grupo o experiencia particular. Ejemplos de lo que se puede presentar incluyen un estudio de caso docente, iniciativas y normas o la documentaci\u00f3n de un proyecto de pr\u00e1ctica creativa.<\/p>\n\n\n\n<h2 class=\"wp-block-heading\"><strong>Panel de discusi\u00f3n<\/strong><\/h2>\n\n\n\n<p><strong>Duraci\u00f3n<\/strong>: 60 minutos (normalmente un m\u00ednimo de 20 minutos de presentaci\u00f3n\/conversaci\u00f3n, seguido de una sesi\u00f3n de preguntas y respuestas con los asistentes)<br><br>Los paneles de discusi\u00f3n deben contar con un m\u00ednimo de 3 ponentes que presenten de forma dialogada un proyecto grupal o aborden un tema espec\u00edfico. Un panel de DEL debe reunir a diversos investigadores\/educadores para generar una discusi\u00f3n o, posiblemente, un debate sobre una variedad de temas centrados en un tema principal. Los panelistas pueden optar por dar breves charlas o presentaciones para iniciar la discusi\u00f3n, pero esperamos que el programa incluya al menos 20 minutos de conversaci\u00f3n entre los panelistas, seguidos de una sesi\u00f3n de preguntas y respuestas. Tenga en cuenta que todos los panelistas deben estar confirmados antes de enviar la propuesta.<\/p>\n\n\n\n<h2 class=\"wp-block-heading\"><strong>Sesi\u00f3n de Dise\u00f1o Libre (DYO)<\/strong><\/h2>\n\n\n\n<p><strong>Duraci\u00f3n<\/strong>: Recomendamos 30 minutos. El tiempo puede distribuirse seg\u00fan lo requiera su dise\u00f1o, pero se deben dedicar al menos 10 minutos a la discusi\u00f3n con el p\u00fablico. Tambi\u00e9n puede proponer una duraci\u00f3n diferente (por ejemplo, 60 minutos o dos partes a lo largo de dos d\u00edas), lo cual deber\u00e1 explicar en su propuesta.<br><br>Las sesiones DYO (Dise\u00f1a Tu Propia Sesi\u00f3n) son su oportunidad para explorar nuevos enfoques y formatos de sesi\u00f3n relacionados con el tema de la conferencia. Estas sesiones deben estimular la imaginaci\u00f3n y explorar nuevos formatos para el intercambio acad\u00e9mico sobre los temas que interesan a la comunidad DEL y, al mismo tiempo, abrir v\u00edas para el di\u00e1logo. Estas sesiones son muy flexibles, posiblemente m\u00e1s innovadoras o espont\u00e1neas, pero se someter\u00e1n a los mismos est\u00e1ndares de revisi\u00f3n an\u00f3nima por pares que todas las dem\u00e1s propuestas de sesiones DEL.<br><br>No existen requisitos espec\u00edficos para las sesiones DYO, salvo que las <strong>propuestas deben incluir oportunidades planificadas para el debate<\/strong>.<br><br>Puede:<\/p>\n\n\n\n<ul class=\"wp-block-list\">\n<li>Iniciar una conversaci\u00f3n sobre una idea, concepto o tema actual o emergente en una sesi\u00f3n con formato de <em>unconference<\/em>.<\/li>\n\n\n\n<li>Jugar a la m\u00edmica para explorar los l\u00edmites de la interacci\u00f3n corporal en las videoconferencias en l\u00ednea.<\/li>\n\n\n\n<li>Recitar poes\u00eda para representar un proyecto de investigaci\u00f3n-acci\u00f3n sobre un entorno de ense\u00f1anza con realidad aumentada.<\/li>\n\n\n\n<li>Involucrar a los participantes en una simulaci\u00f3n para demostrar c\u00f3mo se implement\u00f3 una nueva pedagog\u00eda en un espacio de aprendizaje.<\/li>\n<\/ul>\n","protected":false},"excerpt":{"rendered":"<p>Les recordamos que DEL 2026 se llevar\u00e1 a cabo completamente de forma presencial, del 11 al 13 de noviembre de 2026 en la Rep\u00fablica Dominicana. Invitamos propuestas para los formatos&hellip;&nbsp;<a href=\"https:\/\/www.delconference.org\/2026\/directrices-para-el-envio-de-propuestas-2026\/\" rel=\"bookmark\">Read More &raquo;<span class=\"screen-reader-text\">Directrices para el env\u00edo de propuestas<\/span><\/a><\/p>\n","protected":false},"author":2,"featured_media":0,"parent":0,"menu_order":0,"comment_status":"closed","ping_status":"closed","template":"","meta":{"_monsterinsights_skip_tracking":false,"_monsterinsights_sitenote_active":false,"_monsterinsights_sitenote_note":"","_monsterinsights_sitenote_category":0,"neve_meta_sidebar":"","neve_meta_container":"","neve_meta_enable_content_width":"","neve_meta_content_width":0,"neve_meta_title_alignment":"","neve_meta_author_avatar":"","neve_post_elements_order":"","neve_meta_disable_header":"","neve_meta_disable_footer":"","neve_meta_disable_title":"","footnotes":""},"class_list":["post-2049","page","type-page","status-publish","hentry"],"_links":{"self":[{"href":"https:\/\/www.delconference.org\/2026\/wp-json\/wp\/v2\/pages\/2049","targetHints":{"allow":["GET"]}}],"collection":[{"href":"https:\/\/www.delconference.org\/2026\/wp-json\/wp\/v2\/pages"}],"about":[{"href":"https:\/\/www.delconference.org\/2026\/wp-json\/wp\/v2\/types\/page"}],"author":[{"embeddable":true,"href":"https:\/\/www.delconference.org\/2026\/wp-json\/wp\/v2\/users\/2"}],"replies":[{"embeddable":true,"href":"https:\/\/www.delconference.org\/2026\/wp-json\/wp\/v2\/comments?post=2049"}],"version-history":[{"count":4,"href":"https:\/\/www.delconference.org\/2026\/wp-json\/wp\/v2\/pages\/2049\/revisions"}],"predecessor-version":[{"id":2220,"href":"https:\/\/www.delconference.org\/2026\/wp-json\/wp\/v2\/pages\/2049\/revisions\/2220"}],"wp:attachment":[{"href":"https:\/\/www.delconference.org\/2026\/wp-json\/wp\/v2\/media?parent=2049"}],"curies":[{"name":"wp","href":"https:\/\/api.w.org\/{rel}","templated":true}]}}