{"id":2140,"date":"2026-01-26T09:43:52","date_gmt":"2026-01-26T09:43:52","guid":{"rendered":"https:\/\/www.delconference.org\/2026\/?page_id=2140"},"modified":"2026-03-30T15:06:09","modified_gmt":"2026-03-30T14:06:09","slug":"enviar-solicitud-2026","status":"publish","type":"page","link":"https:\/\/www.delconference.org\/2026\/enviar-solicitud-2026\/","title":{"rendered":"Enviar solicitud (2026)"},"content":{"rendered":"\n<p>Por favor, revise<a href=\"https:\/\/www.delconference.org\/2026\/directrices-para-el-envio-de-propuestas-2026\/\" data-type=\"page\" data-id=\"2049\"> las directrices de env\u00edo<\/a> y las instrucciones del formulario antes de completar su solicitud. Si tiene alguna pregunta, env\u00ede un correo electr\u00f3nico a <a href=\"mailto:delconference@arts.ac.uk\">delconference@arts.ac.uk<\/a><\/p>\n\n\n\n<p><strong>Apertura de la convocatoria<\/strong>: martes 27 de enero de 2026<\/p>\n\n\n\n<p><strong>Cierre de la convocatoria:\u00a0<\/strong><s>martes 31 de marzo<\/s> mi\u00e9rcoles 15 de abril de 2026 a las 23:59 (hora local, de donde quiera que se encuentre en el mundo)<\/p>\n\n\n\n<h2 class=\"wp-block-heading\"><strong>\u00c1reas de presentaci\u00f3n<\/strong><\/h2>\n\n\n\n<p>Se le solicitar\u00e1 que proporcione detalles sobre cada ponente. Tambi\u00e9n deber\u00e1 considerar e incluir la siguiente informaci\u00f3n en su propuesta.<\/p>\n\n\n\n<ul class=\"wp-block-list\">\n<li><strong>T\u00edtulo:<\/strong> Proporcione un t\u00edtulo breve para su sesi\u00f3n. (M\u00e1ximo 25 palabras)<\/li>\n\n\n\n<li><strong>Resumen (Abstract): <\/strong>Describa su punto\/argumento principal. Este resumen se publicar\u00e1 en el sitio web del evento y en los materiales del evento. (M\u00e1ximo 200 palabras)<\/li>\n\n\n\n<li><strong>Relevancia: <\/strong>\u00bfC\u00f3mo aborda su sesi\u00f3n <a href=\"https:\/\/www.delconference.org\/2026\/tema-de-2026\/\" data-type=\"page\" data-id=\"2043\">el tema de la conferencia Redes Globales<\/a> y los subtemas relevantes? (M\u00e1ximo 100 palabras)<\/li>\n\n\n\n<li><strong>Interacci\u00f3n: <\/strong>Describa la estructura de su sesi\u00f3n y c\u00f3mo fomentar\u00e1 la interacci\u00f3n con el p\u00fablico. (M\u00e1ximo 100 palabras)<\/li>\n\n\n\n<li><strong>Resultados: <\/strong>\u00bfTiene previsto utilizar los resultados de esta sesi\u00f3n en investigaciones formales, publicaciones en blogs, recopilaci\u00f3n de datos, etc.?<\/li>\n<\/ul>\n\n\n\n<h2 class=\"wp-block-heading\"><strong>Formulario de solicitud<\/strong><\/h2>\n\n\n\n<div class=\"wp-block-buttons is-layout-flex wp-block-buttons-is-layout-flex\">\n<div class=\"wp-block-button\"><a class=\"wp-block-button__link wp-element-button\" href=\"https:\/\/app.onlinesurveys.jisc.ac.uk\/s\/ual\/del-2026-espanol\">Enviar solicitud a DEL 2026<\/a><\/div>\n<\/div>\n\n\n\n<div style=\"height:100px\" aria-hidden=\"true\" class=\"wp-block-spacer\"><\/div>\n","protected":false},"excerpt":{"rendered":"<p>Por favor, revise las directrices de env\u00edo y las instrucciones del formulario antes de completar su solicitud. Si tiene alguna pregunta, env\u00ede un correo electr\u00f3nico a delconference@arts.ac.uk Apertura de la&hellip;&nbsp;<a href=\"https:\/\/www.delconference.org\/2026\/enviar-solicitud-2026\/\" rel=\"bookmark\">Read More &raquo;<span class=\"screen-reader-text\">Enviar solicitud (2026)<\/span><\/a><\/p>\n","protected":false},"author":2,"featured_media":0,"parent":0,"menu_order":0,"comment_status":"closed","ping_status":"closed","template":"","meta":{"_monsterinsights_skip_tracking":false,"_monsterinsights_sitenote_active":false,"_monsterinsights_sitenote_note":"","_monsterinsights_sitenote_category":0,"neve_meta_sidebar":"","neve_meta_container":"","neve_meta_enable_content_width":"","neve_meta_content_width":0,"neve_meta_title_alignment":"","neve_meta_author_avatar":"","neve_post_elements_order":"","neve_meta_disable_header":"","neve_meta_disable_footer":"","neve_meta_disable_title":"","footnotes":""},"class_list":["post-2140","page","type-page","status-publish","hentry"],"_links":{"self":[{"href":"https:\/\/www.delconference.org\/2026\/wp-json\/wp\/v2\/pages\/2140","targetHints":{"allow":["GET"]}}],"collection":[{"href":"https:\/\/www.delconference.org\/2026\/wp-json\/wp\/v2\/pages"}],"about":[{"href":"https:\/\/www.delconference.org\/2026\/wp-json\/wp\/v2\/types\/page"}],"author":[{"embeddable":true,"href":"https:\/\/www.delconference.org\/2026\/wp-json\/wp\/v2\/users\/2"}],"replies":[{"embeddable":true,"href":"https:\/\/www.delconference.org\/2026\/wp-json\/wp\/v2\/comments?post=2140"}],"version-history":[{"count":7,"href":"https:\/\/www.delconference.org\/2026\/wp-json\/wp\/v2\/pages\/2140\/revisions"}],"predecessor-version":[{"id":2221,"href":"https:\/\/www.delconference.org\/2026\/wp-json\/wp\/v2\/pages\/2140\/revisions\/2221"}],"wp:attachment":[{"href":"https:\/\/www.delconference.org\/2026\/wp-json\/wp\/v2\/media?parent=2140"}],"curies":[{"name":"wp","href":"https:\/\/api.w.org\/{rel}","templated":true}]}}